{"id":977,"date":"2024-04-17T02:01:46","date_gmt":"2024-04-17T00:01:46","guid":{"rendered":"https:\/\/kontakt.druckereimv.de\/our-locations\/"},"modified":"2026-01-24T00:43:55","modified_gmt":"2026-01-23T23:43:55","slug":"our-locations","status":"publish","type":"page","link":"https:\/\/kontakt.druckereimv.de\/en\/our-locations\/","title":{"rendered":"Our locations"},"content":{"rendered":"\t\t<div data-elementor-type=\"wp-page\" data-elementor-id=\"977\" class=\"elementor elementor-977 elementor-594\">\n\t\t\t\t\t\t<section class=\"elementor-section elementor-top-section elementor-element elementor-element-fde3be4 elementor-section-full_width elementor-section-height-default elementor-section-height-default\" data-id=\"fde3be4\" data-element_type=\"section\" data-e-type=\"section\" data-settings=\"{&quot;background_background&quot;:&quot;classic&quot;}\">\n\t\t\t\t\t\t<div class=\"elementor-container elementor-column-gap-default\">\n\t\t\t\t\t<div class=\"elementor-column elementor-col-100 elementor-top-column elementor-element elementor-element-e705254\" data-id=\"e705254\" data-element_type=\"column\" data-e-type=\"column\">\n\t\t\t<div class=\"elementor-widget-wrap elementor-element-populated\">\n\t\t\t\t\t\t<div class=\"elementor-element elementor-element-230c294 elementor-widget elementor-widget-heading\" data-id=\"230c294\" data-element_type=\"widget\" data-e-type=\"widget\" data-widget_type=\"heading.default\">\n\t\t\t\t<div class=\"elementor-widget-container\">\n\t\t\t\t\t<h2 class=\"elementor-heading-title elementor-size-default\">Our locations<\/h2>\t\t\t\t<\/div>\n\t\t\t\t<\/div>\n\t\t\t\t\t<\/div>\n\t\t<\/div>\n\t\t\t\t\t<\/div>\n\t\t<\/section>\n\t\t\t\t<section class=\"elementor-section elementor-top-section elementor-element elementor-element-71f07f8 elementor-section-boxed elementor-section-height-default elementor-section-height-default\" data-id=\"71f07f8\" data-element_type=\"section\" data-e-type=\"section\">\n\t\t\t\t\t\t<div class=\"elementor-container elementor-column-gap-default\">\n\t\t\t\t\t<div class=\"elementor-column elementor-col-100 elementor-top-column elementor-element elementor-element-89563ae\" data-id=\"89563ae\" data-element_type=\"column\" data-e-type=\"column\">\n\t\t\t<div class=\"elementor-widget-wrap elementor-element-populated\">\n\t\t\t\t\t\t<section class=\"elementor-section elementor-inner-section elementor-element elementor-element-ba4397d elementor-section-boxed elementor-section-height-default elementor-section-height-default\" data-id=\"ba4397d\" data-element_type=\"section\" data-e-type=\"section\">\n\t\t\t\t\t\t<div class=\"elementor-container elementor-column-gap-default\">\n\t\t\t\t\t<div class=\"elementor-column elementor-col-100 elementor-inner-column elementor-element elementor-element-c730848\" data-id=\"c730848\" data-element_type=\"column\" data-e-type=\"column\">\n\t\t\t<div class=\"elementor-widget-wrap elementor-element-populated\">\n\t\t\t\t\t\t<div class=\"elementor-element elementor-element-b4a4b0f elementor-widget elementor-widget-text-editor\" data-id=\"b4a4b0f\" data-element_type=\"widget\" data-e-type=\"widget\" data-widget_type=\"text-editor.default\">\n\t\t\t\t<div class=\"elementor-widget-container\">\n\t\t\t\t\t\t\t\t\t   <ul>\n        <li><a href=\"https:\/\/kontakt.druckereimv.de\/erstklassige-druckqualitaet-in-augsburg\/\">Augsburg<\/a><\/li>\n        <li><a href=\"https:\/\/kontakt.druckereimv.de\/en\/first-class-print-quality-in-baden-wuerttemberg\/\">Baden-W\u00fcrttemberg<\/a><\/li>\n        <li><a href=\"https:\/\/kontakt.druckereimv.de\/erstklassige-druckqualitaet-in-bayern\/\">Bavaria<\/a><\/li>\n        <li><a href=\"https:\/\/kontakt.druckereimv.de\/en\/first-class-print-quality-in-berlin\/\">Berlin<\/a><\/li>\n        <li><a href=\"https:\/\/kontakt.druckereimv.de\/en\/first-class-print-quality-in-brandenburg-an-der-havel\/\">Brandenburg an der Havel<\/a><\/li>\n        <li><a href=\"https:\/\/kontakt.druckereimv.de\/en\/premium-printing-quality-in-brandenburg\/\">Brandenburg<\/a><\/li>\n        <li><a href=\"https:\/\/kontakt.druckereimv.de\/en\/first-class-print-quality-in-braunschweig\/\">Braunschweig<\/a><\/li>\n        <li><a href=\"https:\/\/kontakt.druckereimv.de\/en\/premium-printing-quality-in-chemnitz\/\">Chemnitz<\/a><\/li>\n        <li><a href=\"https:\/\/kontakt.druckereimv.de\/erstklassige-druckqualitaet-in-cottbus\/\">Cottbus<\/a><\/li>\n        <li><a href=\"https:\/\/kontakt.druckereimv.de\/en\/first-class-print-quality-in-darmstadt\/\">Darmstadt<\/a><\/li>\n        <li><a href=\"https:\/\/kontakt.druckereimv.de\/erstklassige-druckqualitaet-in-dessau-rosslau\/\">Dessau-Ro\u00dflau<\/a><\/li>\n        <li><a href=\"https:\/\/kontakt.druckereimv.de\/erstklassige-druckqualitaet-in-dortmund\/\">Dortmund<\/a><\/li>\n        <li><a href=\"https:\/\/kontakt.druckereimv.de\/en\/first-class-print-quality-in-dresden\/\">Dresden<\/a><\/li>\n        <li><a href=\"https:\/\/kontakt.druckereimv.de\/erstklassige-druckqualitaet-in-duesseldorf\/\">D\u00fcsseldorf<\/a><\/li>\n        <li><a href=\"https:\/\/kontakt.druckereimv.de\/erstklassige-druckqualitaet-in-duisburg\/\">Duisburg<\/a><\/li>\n        <li><a href=\"https:\/\/kontakt.druckereimv.de\/erstklassige-druckqualitaet-in-erfurt\/\">Erfurt<\/a><\/li>\n        <li><a href=\"https:\/\/kontakt.druckereimv.de\/erstklassige-druckqualitaet-in-essen\/\">Essen<\/a><\/li>\n        <li><a href=\"https:\/\/kontakt.druckereimv.de\/erstklassige-druckqualitaet-in-flensburg\/\">Flensburg<\/a><\/li>\n        <li><a href=\"https:\/\/kontakt.druckereimv.de\/en\/premium-print-quality-in-frankfurt-am-main\/\">Frankfurt am Main<\/a><\/li>\n        <li><a href=\"https:\/\/kontakt.druckereimv.de\/erstklassige-druckqualitaet-in-frankfurt-oder\/\">Frankfurt (Oder)<\/a><\/li>\n        <li><a href=\"https:\/\/kontakt.druckereimv.de\/en\/first-class-print-quality-in-freiburg\/\">Freiburg<\/a><\/li>\n        <li><a href=\"https:\/\/kontakt.druckereimv.de\/erstklassige-druckqualitaet-in-gera\/\">Gera<\/a><\/li>\n        <li><a href=\"https:\/\/kontakt.druckereimv.de\/en\/premium-print-quality-in-goerlitz\/\">G\u00f6rlitz<\/a><\/li>\n        <li><a href=\"https:\/\/kontakt.druckereimv.de\/en\/first-class-print-quality-in-goettingen\/\">G\u00f6ttingen<\/a><\/li>\n        <li><a href=\"https:\/\/kontakt.druckereimv.de\/en\/first-class-print-quality-in-gotha\/\">Gotha<\/a><\/li>\n        <li><a href=\"https:\/\/kontakt.druckereimv.de\/en\/first-class-print-quality-in-greifswald\/\">Greifswald<\/a><\/li>\n        <li><a href=\"https:\/\/kontakt.druckereimv.de\/erstklassige-druckqualitaet-in-halberstadt\/\">Halberstadt<\/a><\/li>\n        <li><a href=\"https:\/\/kontakt.druckereimv.de\/erstklassige-druckqualitaet-in-halle-saale\/\">Halle (Saale)<\/a><\/li>\n        <li><a href=\"https:\/\/kontakt.druckereimv.de\/erstklassige-druckqualitaet-in-hannover\/\">Hanover<\/a><\/li>\n        <li><a href=\"https:\/\/kontakt.druckereimv.de\/en\/premium-printing-quality-in-heidelberg\/\">Heidelberg<\/a><\/li>\n        <li><a href=\"https:\/\/kontakt.druckereimv.de\/en\/first-class-print-quality-in-hesse\/\">Hesse<\/a><\/li>\n        <li><a href=\"https:\/\/kontakt.druckereimv.de\/en\/premium-print-quality-in-homburg\/\">Homburg<\/a><\/li>\n        <li><a href=\"https:\/\/kontakt.druckereimv.de\/erstklassige-druckqualitaet-in-ingolstadt\/\">Ingolstadt<\/a><\/li>\n        <li><a href=\"https:\/\/kontakt.druckereimv.de\/erstklassige-druckqualitaet-in-jena\/\">Jena<\/a><\/li>\n        <li><a href=\"https:\/\/kontakt.druckereimv.de\/en\/first-class-print-quality-in-kaiserslautern\/\">Kaiserslautern<\/a><\/li>\n        <li><a href=\"https:\/\/kontakt.druckereimv.de\/en\/first-class-print-quality-in-karlsruhe\/\">Karlsruhe<\/a><\/li>\n        <li><a href=\"https:\/\/kontakt.druckereimv.de\/erstklassige-druckqualitaet-in-kassel\/\">Kassel<\/a><\/li>\n        <li><a href=\"https:\/\/kontakt.druckereimv.de\/erstklassige-druckqualitaet-in-kiel\/\">Kiel<\/a><\/li>\n        <li><a href=\"https:\/\/kontakt.druckereimv.de\/en\/first-class-print-quality-in-koblenz\/\">Koblenz<\/a><\/li>\n        <li><a href=\"https:\/\/kontakt.druckereimv.de\/erstklassige-druckqualitaet-in-koeln\/\">Cologne<\/a><\/li>\n        <li><a href=\"https:\/\/kontakt.druckereimv.de\/en\/premium-print-quality-in-leipzig\/\">Leipzig<\/a><\/li>\n        <li><a href=\"https:\/\/kontakt.druckereimv.de\/en\/premium-print-quality-in-ludwigshafen\/\">Ludwigshafen<\/a><\/li>\n        <li><a href=\"https:\/\/kontakt.druckereimv.de\/erstklassige-druckqualitaet-in-luebeck\/\">L\u00fcbeck<\/a><\/li>\n        <li><a href=\"https:\/\/kontakt.druckereimv.de\/erstklassige-druckqualitaet-in-magdeburg\/\">Magdeburg<\/a><\/li>\n        <li><a href=\"https:\/\/kontakt.druckereimv.de\/en\/premium-printing-quality-in-mainz\/\">Mainz<\/a><\/li>\n        <li><a href=\"https:\/\/kontakt.druckereimv.de\/en\/first-class-print-quality-in-mannheim\/\">Mannheim<\/a><\/li>\n        <li><a href=\"https:\/\/kontakt.druckereimv.de\/erstklassige-druckqualitaet-in-mecklenburg-vorpommern\/\">Mecklenburg-Vorpommern<\/a><\/li>\n        <li><a href=\"https:\/\/kontakt.druckereimv.de\/erstklassige-druckqualitaet-in-muenchen\/\">Munich<\/a><\/li>\n        <li><a href=\"https:\/\/kontakt.druckereimv.de\/erstklassige-druckqualitaet-in-neubrandenburg\/\">Neubrandenburg<\/a><\/li>\n        <li><a href=\"https:\/\/kontakt.druckereimv.de\/erstklassige-druckqualitaet-in-neumuenster\/\">Neum\u00fcnster<\/a><\/li>\n        <li><a href=\"https:\/\/kontakt.druckereimv.de\/en\/first-class-print-quality-in-neunkirchen\/\">Neunkirchen<\/a><\/li>\n        <li><a href=\"https:\/\/kontakt.druckereimv.de\/en\/premium-print-quality-in-lower-saxony\/\">Lower Saxony<\/a><\/li>\n        <li><a href=\"https:\/\/kontakt.druckereimv.de\/erstklassige-druckqualitaet-in-norderstedt\/\">Norderstedt<\/a><\/li>\n        <li><a href=\"https:\/\/kontakt.druckereimv.de\/erstklassige-druckqualitaet-in-nordrhein-westfalen\/\">North Rhine-Westphalia<\/a><\/li>\n        <li><a href=\"https:\/\/kontakt.druckereimv.de\/erstklassige-druckqualitaet-in-nuernberg\/\">Nuremberg<\/a><\/li>\n        <li><a href=\"https:\/\/kontakt.druckereimv.de\/erstklassige-druckqualitaet-in-offenbach-am-main\/\">Offenbach am Main<\/a><\/li>\n        <li><a href=\"https:\/\/kontakt.druckereimv.de\/en\/first-class-print-quality-in-oldenburg\/\">Oldenburg<\/a><\/li>\n        <li><a href=\"https:\/\/kontakt.druckereimv.de\/en\/first-class-print-quality-in-oranienburg\/\">Oranienburg<\/a><\/li>\n        <li><a href=\"https:\/\/kontakt.druckereimv.de\/en\/first-class-print-quality-in-osnabrueck\/\">Osnabr\u00fcck<\/a><\/li>\n        <li><a href=\"https:\/\/kontakt.druckereimv.de\/en\/first-class-print-quality-in-potsdam\/\">Potsdam<\/a><\/li>\n        <li><a href=\"https:\/\/kontakt.druckereimv.de\/erstklassige-druckqualitaet-in-regensburg\/\">Regensburg<\/a><\/li>\n        <li><a href=\"https:\/\/kontakt.druckereimv.de\/en\/first-class-print-quality-in-rhineland-palatinate\/\">Rhineland-Palatinate<\/a><\/li>\n        <li><a href=\"https:\/\/kontakt.druckereimv.de\/erstklassige-druckqualitaet-in-rostock\/\">Rostock<\/a><\/li>\n        <li><a href=\"https:\/\/kontakt.druckereimv.de\/en\/first-class-print-quality-in-saarbruecken\/\">Saarbr\u00fccken<\/a><\/li>\n        <li><a href=\"https:\/\/kontakt.druckereimv.de\/en\/premium-printing-quality-in-saarland\/\">Saarland<\/a><\/li>\n        <li><a href=\"https:\/\/kontakt.druckereimv.de\/en\/first-class-print-quality-in-saarlouis\/\">Saarlouis<\/a><\/li>\n        <li><a href=\"https:\/\/kontakt.druckereimv.de\/erstklassige-druckqualitaet-in-sachsen-anhalt\/\">Saxony-Anhalt<\/a><\/li>\n        <li><a href=\"https:\/\/kontakt.druckereimv.de\/en\/first-class-print-quality-in-saxony\/\">Saxony<\/a><\/li>\n        <li><a href=\"https:\/\/kontakt.druckereimv.de\/en\/premium-print-quality-in-schleswig-holstein\/\">Schleswig-Holstein<\/a><\/li>\n        <li><a href=\"https:\/\/kontakt.druckereimv.de\/erstklassige-druckqualitaet-in-schwerin\/\">Schwerin<\/a><\/li>\n        <li><a href=\"https:\/\/kontakt.druckereimv.de\/erstklassige-druckqualitaet-in-stralsund\/\">Stralsund<\/a><\/li>\n        <li><a href=\"https:\/\/kontakt.druckereimv.de\/en\/first-class-print-quality-in-stuttgart\/\">Stuttgart<\/a><\/li>\n        <li><a href=\"https:\/\/kontakt.druckereimv.de\/erstklassige-druckqualitaet-in-thueringen\/\">Thuringia<\/a><\/li>\n        <li><a href=\"https:\/\/kontakt.druckereimv.de\/en\/first-class-print-quality-in-trier\/\">Trier<\/a><\/li>\n        <li><a href=\"https:\/\/kontakt.druckereimv.de\/en\/first-class-print-quality-in-voelklingen\/\">V\u00f6lklingen<\/a><\/li>\n        <li><a href=\"https:\/\/kontakt.druckereimv.de\/erstklassige-druckqualitaet-in-weimar\/\">Weimar<\/a><\/li>\n        <li><a href=\"https:\/\/kontakt.druckereimv.de\/en\/premium-print-quality-in-wiesbaden\/\">Wiesbaden<\/a><\/li>\n        <li><a href=\"https:\/\/kontakt.druckereimv.de\/erstklassige-druckqualitaet-in-wittenberg\/\">Wittenberg<\/a><\/li>\n        <li><a href=\"https:\/\/kontakt.druckereimv.de\/erstklassige-druckqualitaet-in-zwickau\/\">Zwickau<\/a><\/li>\n    <\/ul>\n\n\t\t\t\t\t\t\t\t<\/div>\n\t\t\t\t<\/div>\n\t\t\t\t\t<\/div>\n\t\t<\/div>\n\t\t\t\t\t<\/div>\n\t\t<\/section>\n\t\t\t\t\t<\/div>\n\t\t<\/div>\n\t\t\t\t\t<\/div>\n\t\t<\/section>\n\t\t\t\t<\/div>\n\t\t","protected":false},"excerpt":{"rendered":"<p>Our locations Augsburg Baden-W\u00fcrttemberg Bavaria Berlin Brandenburg an der Havel Brandenburg Braunschweig Chemnitz Cottbus Darmstadt Dessau-Ro\u00dflau Dortmund Dresden D\u00fcsseldorf Duisburg Erfurt Essen [&hellip;]<\/p>\n","protected":false},"author":1,"featured_media":0,"parent":0,"menu_order":0,"comment_status":"closed","ping_status":"closed","template":"","meta":{"footnotes":""},"class_list":["post-977","page","type-page","status-publish","hentry"],"yoast_head":"<!-- This site is optimized with the Yoast SEO plugin v27.5 - https:\/\/yoast.com\/product\/yoast-seo-wordpress\/ -->\n<title>Our locations - Online Druckerei MV - Deutschland, Rostock, Schwerin, Greifswald, Stralsund, Usedom, R\u00fcgen<\/title>\n<meta name=\"robots\" content=\"index, follow, max-snippet:-1, max-image-preview:large, max-video-preview:-1\" \/>\n<link rel=\"canonical\" href=\"https:\/\/kontakt.druckereimv.de\/en\/our-locations\/\" \/>\n<meta property=\"og:locale\" content=\"en_US\" \/>\n<meta property=\"og:type\" content=\"article\" \/>\n<meta property=\"og:title\" content=\"Our locations - Online Druckerei MV - Deutschland, Rostock, Schwerin, Greifswald, Stralsund, Usedom, R\u00fcgen\" \/>\n<meta property=\"og:description\" content=\"Our locations Augsburg Baden-W\u00fcrttemberg Bavaria Berlin Brandenburg an der Havel Brandenburg Braunschweig Chemnitz Cottbus Darmstadt Dessau-Ro\u00dflau Dortmund Dresden D\u00fcsseldorf Duisburg Erfurt Essen [&hellip;]\" \/>\n<meta property=\"og:url\" content=\"https:\/\/kontakt.druckereimv.de\/en\/our-locations\/\" \/>\n<meta property=\"og:site_name\" content=\"Online Druckerei MV - Deutschland, Rostock, Schwerin, Greifswald, Stralsund, Usedom, R\u00fcgen\" \/>\n<meta property=\"article:publisher\" content=\"https:\/\/facebook.com\/druckereimv\" \/>\n<meta property=\"article:modified_time\" content=\"2026-01-23T23:43:55+00:00\" \/>\n<meta name=\"twitter:card\" content=\"summary_large_image\" \/>\n<meta name=\"twitter:label1\" content=\"Est. reading time\" \/>\n\t<meta name=\"twitter:data1\" content=\"1 minute\" \/>\n<script type=\"application\/ld+json\" class=\"yoast-schema-graph\">{\"@context\":\"https:\\\/\\\/schema.org\",\"@graph\":[{\"@type\":\"WebPage\",\"@id\":\"https:\\\/\\\/kontakt.druckereimv.de\\\/en\\\/our-locations\\\/\",\"url\":\"https:\\\/\\\/kontakt.druckereimv.de\\\/en\\\/our-locations\\\/\",\"name\":\"Our locations - Online Druckerei MV - Deutschland, Rostock, Schwerin, Greifswald, Stralsund, Usedom, R\u00fcgen\",\"isPartOf\":{\"@id\":\"https:\\\/\\\/kontakt.druckereimv.de\\\/en\\\/#website\"},\"datePublished\":\"2024-04-17T00:01:46+00:00\",\"dateModified\":\"2026-01-23T23:43:55+00:00\",\"breadcrumb\":{\"@id\":\"https:\\\/\\\/kontakt.druckereimv.de\\\/en\\\/our-locations\\\/#breadcrumb\"},\"inLanguage\":\"en-US\",\"potentialAction\":[{\"@type\":\"ReadAction\",\"target\":[\"https:\\\/\\\/kontakt.druckereimv.de\\\/en\\\/our-locations\\\/\"]}]},{\"@type\":\"BreadcrumbList\",\"@id\":\"https:\\\/\\\/kontakt.druckereimv.de\\\/en\\\/our-locations\\\/#breadcrumb\",\"itemListElement\":[{\"@type\":\"ListItem\",\"position\":1,\"name\":\"Startseite\",\"item\":\"https:\\\/\\\/kontakt.druckereimv.de\\\/en\\\/home\\\/\"},{\"@type\":\"ListItem\",\"position\":2,\"name\":\"Our locations\"}]},{\"@type\":\"WebSite\",\"@id\":\"https:\\\/\\\/kontakt.druckereimv.de\\\/en\\\/#website\",\"url\":\"https:\\\/\\\/kontakt.druckereimv.de\\\/en\\\/\",\"name\":\"Online Druckerei MV - Deutschland, Rostock, Schwerin, Greifswald, Stralsund, Usedom, R\u00fcgen\",\"description\":\"Druckerei MV\",\"publisher\":{\"@id\":\"https:\\\/\\\/kontakt.druckereimv.de\\\/en\\\/#organization\"},\"potentialAction\":[{\"@type\":\"SearchAction\",\"target\":{\"@type\":\"EntryPoint\",\"urlTemplate\":\"https:\\\/\\\/kontakt.druckereimv.de\\\/en\\\/?s={search_term_string}\"},\"query-input\":{\"@type\":\"PropertyValueSpecification\",\"valueRequired\":true,\"valueName\":\"search_term_string\"}}],\"inLanguage\":\"en-US\"},{\"@type\":\"Organization\",\"@id\":\"https:\\\/\\\/kontakt.druckereimv.de\\\/en\\\/#organization\",\"name\":\"Online Druckerei MV - Deutschland, Rostock, Schwerin, Greifswald, Stralsund, Usedom, R\u00fcgen\",\"url\":\"https:\\\/\\\/kontakt.druckereimv.de\\\/en\\\/\",\"logo\":{\"@type\":\"ImageObject\",\"inLanguage\":\"en-US\",\"@id\":\"https:\\\/\\\/kontakt.druckereimv.de\\\/en\\\/#\\\/schema\\\/logo\\\/image\\\/\",\"url\":\"https:\\\/\\\/kontakt.druckereimv.de\\\/wp-content\\\/uploads\\\/2024\\\/04\\\/logo-1.png\",\"contentUrl\":\"https:\\\/\\\/kontakt.druckereimv.de\\\/wp-content\\\/uploads\\\/2024\\\/04\\\/logo-1.png\",\"width\":1519,\"height\":570,\"caption\":\"Online Druckerei MV - Deutschland, Rostock, Schwerin, Greifswald, Stralsund, Usedom, R\u00fcgen\"},\"image\":{\"@id\":\"https:\\\/\\\/kontakt.druckereimv.de\\\/en\\\/#\\\/schema\\\/logo\\\/image\\\/\"},\"sameAs\":[\"https:\\\/\\\/facebook.com\\\/druckereimv\"]}]}<\/script>\n<!-- \/ Yoast SEO plugin. -->","yoast_head_json":{"title":"Our locations - Online Druckerei MV - Deutschland, Rostock, Schwerin, Greifswald, Stralsund, Usedom, R\u00fcgen","robots":{"index":"index","follow":"follow","max-snippet":"max-snippet:-1","max-image-preview":"max-image-preview:large","max-video-preview":"max-video-preview:-1"},"canonical":"https:\/\/kontakt.druckereimv.de\/en\/our-locations\/","og_locale":"en_US","og_type":"article","og_title":"Our locations - Online Druckerei MV - Deutschland, Rostock, Schwerin, Greifswald, Stralsund, Usedom, R\u00fcgen","og_description":"Our locations Augsburg Baden-W\u00fcrttemberg Bavaria Berlin Brandenburg an der Havel Brandenburg Braunschweig Chemnitz Cottbus Darmstadt Dessau-Ro\u00dflau Dortmund Dresden D\u00fcsseldorf Duisburg Erfurt Essen [&hellip;]","og_url":"https:\/\/kontakt.druckereimv.de\/en\/our-locations\/","og_site_name":"Online Druckerei MV - Deutschland, Rostock, Schwerin, Greifswald, Stralsund, Usedom, R\u00fcgen","article_publisher":"https:\/\/facebook.com\/druckereimv","article_modified_time":"2026-01-23T23:43:55+00:00","twitter_card":"summary_large_image","twitter_misc":{"Est. reading time":"1 minute"},"schema":{"@context":"https:\/\/schema.org","@graph":[{"@type":"WebPage","@id":"https:\/\/kontakt.druckereimv.de\/en\/our-locations\/","url":"https:\/\/kontakt.druckereimv.de\/en\/our-locations\/","name":"Our locations - Online Druckerei MV - Deutschland, Rostock, Schwerin, Greifswald, Stralsund, Usedom, R\u00fcgen","isPartOf":{"@id":"https:\/\/kontakt.druckereimv.de\/en\/#website"},"datePublished":"2024-04-17T00:01:46+00:00","dateModified":"2026-01-23T23:43:55+00:00","breadcrumb":{"@id":"https:\/\/kontakt.druckereimv.de\/en\/our-locations\/#breadcrumb"},"inLanguage":"en-US","potentialAction":[{"@type":"ReadAction","target":["https:\/\/kontakt.druckereimv.de\/en\/our-locations\/"]}]},{"@type":"BreadcrumbList","@id":"https:\/\/kontakt.druckereimv.de\/en\/our-locations\/#breadcrumb","itemListElement":[{"@type":"ListItem","position":1,"name":"Startseite","item":"https:\/\/kontakt.druckereimv.de\/en\/home\/"},{"@type":"ListItem","position":2,"name":"Our locations"}]},{"@type":"WebSite","@id":"https:\/\/kontakt.druckereimv.de\/en\/#website","url":"https:\/\/kontakt.druckereimv.de\/en\/","name":"Online Druckerei MV - Deutschland, Rostock, Schwerin, Greifswald, Stralsund, Usedom, R\u00fcgen","description":"Druckerei MV","publisher":{"@id":"https:\/\/kontakt.druckereimv.de\/en\/#organization"},"potentialAction":[{"@type":"SearchAction","target":{"@type":"EntryPoint","urlTemplate":"https:\/\/kontakt.druckereimv.de\/en\/?s={search_term_string}"},"query-input":{"@type":"PropertyValueSpecification","valueRequired":true,"valueName":"search_term_string"}}],"inLanguage":"en-US"},{"@type":"Organization","@id":"https:\/\/kontakt.druckereimv.de\/en\/#organization","name":"Online Druckerei MV - Deutschland, Rostock, Schwerin, Greifswald, Stralsund, Usedom, R\u00fcgen","url":"https:\/\/kontakt.druckereimv.de\/en\/","logo":{"@type":"ImageObject","inLanguage":"en-US","@id":"https:\/\/kontakt.druckereimv.de\/en\/#\/schema\/logo\/image\/","url":"https:\/\/kontakt.druckereimv.de\/wp-content\/uploads\/2024\/04\/logo-1.png","contentUrl":"https:\/\/kontakt.druckereimv.de\/wp-content\/uploads\/2024\/04\/logo-1.png","width":1519,"height":570,"caption":"Online Druckerei MV - Deutschland, Rostock, Schwerin, Greifswald, Stralsund, Usedom, R\u00fcgen"},"image":{"@id":"https:\/\/kontakt.druckereimv.de\/en\/#\/schema\/logo\/image\/"},"sameAs":["https:\/\/facebook.com\/druckereimv"]}]}},"_links":{"self":[{"href":"https:\/\/kontakt.druckereimv.de\/en\/wp-json\/wp\/v2\/pages\/977","targetHints":{"allow":["GET"]}}],"collection":[{"href":"https:\/\/kontakt.druckereimv.de\/en\/wp-json\/wp\/v2\/pages"}],"about":[{"href":"https:\/\/kontakt.druckereimv.de\/en\/wp-json\/wp\/v2\/types\/page"}],"author":[{"embeddable":true,"href":"https:\/\/kontakt.druckereimv.de\/en\/wp-json\/wp\/v2\/users\/1"}],"replies":[{"embeddable":true,"href":"https:\/\/kontakt.druckereimv.de\/en\/wp-json\/wp\/v2\/comments?post=977"}],"version-history":[{"count":1,"href":"https:\/\/kontakt.druckereimv.de\/en\/wp-json\/wp\/v2\/pages\/977\/revisions"}],"predecessor-version":[{"id":979,"href":"https:\/\/kontakt.druckereimv.de\/en\/wp-json\/wp\/v2\/pages\/977\/revisions\/979"}],"wp:attachment":[{"href":"https:\/\/kontakt.druckereimv.de\/en\/wp-json\/wp\/v2\/media?parent=977"}],"curies":[{"name":"wp","href":"https:\/\/api.w.org\/{rel}","templated":true}]}}